{"id":1109,"date":"2025-05-27T09:32:51","date_gmt":"2025-05-27T08:32:51","guid":{"rendered":"https:\/\/www.visagesalon.hu\/?page_id=1109"},"modified":"2025-06-11T12:21:12","modified_gmt":"2025-06-11T11:21:12","slug":"bordiagnosztikai-konzultacio","status":"publish","type":"page","link":"https:\/\/www.visagesalon.hu\/en\/szolgaltatasok\/bordiagnosztikai-konzultacio\/","title":{"rendered":"Skin Diagnostic Consultation"},"content":{"rendered":"<div data-elementor-type=\"wp-page\" data-elementor-id=\"1109\" class=\"elementor elementor-1109\" data-elementor-post-type=\"page\">\n\t\t\t\t<div class=\"elementor-element elementor-element-4d13ad5 e-flex e-con-boxed e-con e-parent\" data-id=\"4d13ad5\" data-element_type=\"container\" data-e-type=\"container\">\n\t\t\t\t\t<div class=\"e-con-inner\">\n\t\t<div class=\"elementor-element elementor-element-111a8c6 e-con-full e-flex e-con e-child\" data-id=\"111a8c6\" data-element_type=\"container\" data-e-type=\"container\">\n\t\t\t\t<div class=\"elementor-element elementor-element-78365e3 elementor-widget elementor-widget-image\" data-id=\"78365e3\" data-element_type=\"widget\" data-e-type=\"widget\" data-widget_type=\"image.default\">\n\t\t\t\t<div class=\"elementor-widget-container\">\n\t\t\t\t\t\t\t\t\t\t\t\t\t\t\t<img fetchpriority=\"high\" decoding=\"async\" width=\"800\" height=\"800\" src=\"https:\/\/www.visagesalon.hu\/wp-content\/uploads\/2025\/05\/bordiagnosztika-szolgaltatas-mohacson-1024x1024.webp\" class=\"attachment-large size-large wp-image-1637\" alt=\"\" srcset=\"https:\/\/www.visagesalon.hu\/wp-content\/uploads\/2025\/05\/bordiagnosztika-szolgaltatas-mohacson-1024x1024.webp 1024w, https:\/\/www.visagesalon.hu\/wp-content\/uploads\/2025\/05\/bordiagnosztika-szolgaltatas-mohacson-300x300.webp 300w, https:\/\/www.visagesalon.hu\/wp-content\/uploads\/2025\/05\/bordiagnosztika-szolgaltatas-mohacson-150x150.webp 150w, https:\/\/www.visagesalon.hu\/wp-content\/uploads\/2025\/05\/bordiagnosztika-szolgaltatas-mohacson-768x768.webp 768w, https:\/\/www.visagesalon.hu\/wp-content\/uploads\/2025\/05\/bordiagnosztika-szolgaltatas-mohacson-1536x1536.webp 1536w, https:\/\/www.visagesalon.hu\/wp-content\/uploads\/2025\/05\/bordiagnosztika-szolgaltatas-mohacson.webp 1600w\" sizes=\"(max-width: 800px) 100vw, 800px\" \/>\t\t\t\t\t\t\t\t\t\t\t\t\t\t\t<\/div>\n\t\t\t\t<\/div>\n\t\t\t\t<\/div>\n\t\t<div class=\"elementor-element elementor-element-aa5a95e e-con-full e-flex e-con e-child\" data-id=\"aa5a95e\" data-element_type=\"container\" data-e-type=\"container\">\n\t\t\t\t<div class=\"elementor-element elementor-element-c7f98a0 elementor-widget elementor-widget-heading\" data-id=\"c7f98a0\" data-element_type=\"widget\" data-e-type=\"widget\" data-widget_type=\"heading.default\">\n\t\t\t\t<div class=\"elementor-widget-container\">\n\t\t\t\t\t<h1 class=\"elementor-heading-title elementor-size-default\">Skin Diagnostic Consultation<\/h1>\t\t\t\t<\/div>\n\t\t\t\t<\/div>\n\t\t\t\t<div class=\"elementor-element elementor-element-5c4a332 elementor-widget__width-initial elementor-widget elementor-widget-text-editor\" data-id=\"5c4a332\" data-element_type=\"widget\" data-e-type=\"widget\" data-widget_type=\"text-editor.default\">\n\t\t\t\t<div class=\"elementor-widget-container\">\n\t\t\t\t\t\t\t\t\t<p>There are many effective solutions for different skin concerns. To achieve the best possible results, during the consultation we will thoroughly discuss:<\/p>\t\t\t\t\t\t\t\t<\/div>\n\t\t\t\t<\/div>\n\t\t\t\t<div class=\"elementor-element elementor-element-3df7e4f elementor-icon-list--layout-traditional elementor-list-item-link-full_width elementor-widget elementor-widget-icon-list\" data-id=\"3df7e4f\" data-element_type=\"widget\" data-e-type=\"widget\" data-widget_type=\"icon-list.default\">\n\t\t\t\t<div class=\"elementor-widget-container\">\n\t\t\t\t\t\t\t<ul class=\"elementor-icon-list-items\">\n\t\t\t\t\t\t\t<li class=\"elementor-icon-list-item\">\n\t\t\t\t\t\t\t\t\t\t\t<span class=\"elementor-icon-list-icon\">\n\t\t\t\t\t\t\t<svg aria-hidden=\"true\" class=\"e-font-icon-svg e-fas-minus\" viewbox=\"0 0 448 512\" xmlns=\"http:\/\/www.w3.org\/2000\/svg\"><path d=\"M416 208H32c-17.67 0-32 14.33-32 32v32c0 17.67 14.33 32 32 32h384c17.67 0 32-14.33 32-32v-32c0-17.67-14.33-32-32-32z\"><\/path><\/svg>\t\t\t\t\t\t<\/span>\n\t\t\t\t\t\t\t\t\t\t<span class=\"elementor-icon-list-text\">the concern to be treated<\/span>\n\t\t\t\t\t\t\t\t\t<\/li>\n\t\t\t\t\t\t\t\t<li class=\"elementor-icon-list-item\">\n\t\t\t\t\t\t\t\t\t\t\t<span class=\"elementor-icon-list-icon\">\n\t\t\t\t\t\t\t<svg aria-hidden=\"true\" class=\"e-font-icon-svg e-fas-minus\" viewbox=\"0 0 448 512\" xmlns=\"http:\/\/www.w3.org\/2000\/svg\"><path d=\"M416 208H32c-17.67 0-32 14.33-32 32v32c0 17.67 14.33 32 32 32h384c17.67 0 32-14.33 32-32v-32c0-17.67-14.33-32-32-32z\"><\/path><\/svg>\t\t\t\t\t\t<\/span>\n\t\t\t\t\t\t\t\t\t\t<span class=\"elementor-icon-list-text\">the results of the skin diagnosis<\/span>\n\t\t\t\t\t\t\t\t\t<\/li>\n\t\t\t\t\t\t\t\t<li class=\"elementor-icon-list-item\">\n\t\t\t\t\t\t\t\t\t\t\t<span class=\"elementor-icon-list-icon\">\n\t\t\t\t\t\t\t<svg aria-hidden=\"true\" class=\"e-font-icon-svg e-fas-minus\" viewbox=\"0 0 448 512\" xmlns=\"http:\/\/www.w3.org\/2000\/svg\"><path d=\"M416 208H32c-17.67 0-32 14.33-32 32v32c0 17.67 14.33 32 32 32h384c17.67 0 32-14.33 32-32v-32c0-17.67-14.33-32-32-32z\"><\/path><\/svg>\t\t\t\t\t\t<\/span>\n\t\t\t\t\t\t\t\t\t\t<span class=\"elementor-icon-list-text\">the desired goal<\/span>\n\t\t\t\t\t\t\t\t\t<\/li>\n\t\t\t\t\t\t\t\t<li class=\"elementor-icon-list-item\">\n\t\t\t\t\t\t\t\t\t\t\t<span class=\"elementor-icon-list-icon\">\n\t\t\t\t\t\t\t<svg aria-hidden=\"true\" class=\"e-font-icon-svg e-fas-minus\" viewbox=\"0 0 448 512\" xmlns=\"http:\/\/www.w3.org\/2000\/svg\"><path d=\"M416 208H32c-17.67 0-32 14.33-32 32v32c0 17.67 14.33 32 32 32h384c17.67 0 32-14.33 32-32v-32c0-17.67-14.33-32-32-32z\"><\/path><\/svg>\t\t\t\t\t\t<\/span>\n\t\t\t\t\t\t\t\t\t\t<span class=\"elementor-icon-list-text\">the treatment process<\/span>\n\t\t\t\t\t\t\t\t\t<\/li>\n\t\t\t\t\t\t<\/ul>\n\t\t\t\t\t\t<\/div>\n\t\t\t\t<\/div>\n\t\t\t\t<div class=\"elementor-element elementor-element-8ccbdea elementor-widget__width-initial elementor-widget elementor-widget-text-editor\" data-id=\"8ccbdea\" data-element_type=\"widget\" data-e-type=\"widget\" data-widget_type=\"text-editor.default\">\n\t\t\t\t<div class=\"elementor-widget-container\">\n\t\t\t\t\t\t\t\t\t<p>In-depth skin analysis with a personalised treatment plan and home-care recommendations \u2013 ensuring your skin gets the very best.<\/p>\t\t\t\t\t\t\t\t<\/div>\n\t\t\t\t<\/div>\n\t\t\t\t<div class=\"elementor-element elementor-element-538dbab elementor-widget__width-initial elementor-widget elementor-widget-text-editor\" data-id=\"538dbab\" data-element_type=\"widget\" data-e-type=\"widget\" data-widget_type=\"text-editor.default\">\n\t\t\t\t<div class=\"elementor-widget-container\">\n\t\t\t\t\t\t\t\t\t<p><strong>Consultation fee:<\/strong> <br \/>8.000 HUF \/ 30 minutes \u2013 redeemable from the price of your first treatment.<\/p>\t\t\t\t\t\t\t\t<\/div>\n\t\t\t\t<\/div>\n\t\t\t\t<\/div>\n\t\t\t\t\t<\/div>\n\t\t\t\t<\/div>\n\t\t\t\t<\/div>","protected":false},"excerpt":{"rendered":"<p>B\u0151rdiagnosztikai konzult\u00e1ci\u00f3 A k\u00fcl\u00f6nb\u00f6z\u0151 b\u0151rprobl\u00e9m\u00e1k eset\u00e9n t\u00f6bbf\u00e9le megold\u00e1sra is lehet\u0151s\u00e9g van, ez\u00e9rt annak \u00e9rdek\u00e9ben, hogy a legoptim\u00e1lisabb eredm\u00e9nyt \u00e9rj\u00fck el, fontos \u00e1tbesz\u00e9lni kezelend\u0151 probl\u00e9m\u00e1t b\u0151rdiagn\u00f3zist k\u00e9sz\u00edteni kit\u0171zni a c\u00e9lt megbesz\u00e9lni a kezel\u00e9s menet\u00e9t Szem\u00e9lyre szabott aj\u00e1nl\u00e1s a legmegfelel\u0151bb kezel\u00e9s illetve otthoni \u00e1pol\u00f3k \u00f6ssze\u00e1ll\u00edt\u00e1s\u00e1val a t\u00f6k\u00e9letes megold\u00e1s \u00e9rdek\u00e9ben. A konzult\u00e1ci\u00f3 \u00e1ra: 8 000 Ft (30perc) melyet [&hellip;]<\/p>","protected":false},"author":1,"featured_media":0,"parent":56,"menu_order":0,"comment_status":"closed","ping_status":"closed","template":"elementor_header_footer","meta":{"inline_featured_image":false,"footnotes":""},"class_list":["post-1109","page","type-page","status-publish","hentry"],"_links":{"self":[{"href":"https:\/\/www.visagesalon.hu\/en\/wp-json\/wp\/v2\/pages\/1109","targetHints":{"allow":["GET"]}}],"collection":[{"href":"https:\/\/www.visagesalon.hu\/en\/wp-json\/wp\/v2\/pages"}],"about":[{"href":"https:\/\/www.visagesalon.hu\/en\/wp-json\/wp\/v2\/types\/page"}],"author":[{"embeddable":true,"href":"https:\/\/www.visagesalon.hu\/en\/wp-json\/wp\/v2\/users\/1"}],"replies":[{"embeddable":true,"href":"https:\/\/www.visagesalon.hu\/en\/wp-json\/wp\/v2\/comments?post=1109"}],"version-history":[{"count":40,"href":"https:\/\/www.visagesalon.hu\/en\/wp-json\/wp\/v2\/pages\/1109\/revisions"}],"predecessor-version":[{"id":2011,"href":"https:\/\/www.visagesalon.hu\/en\/wp-json\/wp\/v2\/pages\/1109\/revisions\/2011"}],"up":[{"embeddable":true,"href":"https:\/\/www.visagesalon.hu\/en\/wp-json\/wp\/v2\/pages\/56"}],"wp:attachment":[{"href":"https:\/\/www.visagesalon.hu\/en\/wp-json\/wp\/v2\/media?parent=1109"}],"curies":[{"name":"wp","href":"https:\/\/api.w.org\/{rel}","templated":true}]}}