{"id":1327,"date":"2025-05-27T11:42:21","date_gmt":"2025-05-27T10:42:21","guid":{"rendered":"https:\/\/www.visagesalon.hu\/?page_id=1327"},"modified":"2025-06-11T12:42:55","modified_gmt":"2025-06-11T11:42:55","slug":"hagyomanyos-kozmetika","status":"publish","type":"page","link":"https:\/\/www.visagesalon.hu\/en\/szolgaltatasok\/hagyomanyos-kozmetika\/","title":{"rendered":"Traditional Facials"},"content":{"rendered":"<div data-elementor-type=\"wp-page\" data-elementor-id=\"1327\" class=\"elementor elementor-1327\" data-elementor-post-type=\"page\">\n\t\t\t\t<div class=\"elementor-element elementor-element-d238ea1 e-flex e-con-boxed e-con e-parent\" data-id=\"d238ea1\" data-element_type=\"container\" data-e-type=\"container\">\n\t\t\t\t\t<div class=\"e-con-inner\">\n\t\t<div class=\"elementor-element elementor-element-a5a49fe e-con-full e-flex e-con e-child\" data-id=\"a5a49fe\" data-element_type=\"container\" data-e-type=\"container\">\n\t\t\t\t<div class=\"elementor-element elementor-element-3a51a29 elementor-widget elementor-widget-image\" data-id=\"3a51a29\" data-element_type=\"widget\" data-e-type=\"widget\" data-widget_type=\"image.default\">\n\t\t\t\t<div class=\"elementor-widget-container\">\n\t\t\t\t\t\t\t\t\t\t\t\t\t\t\t<img fetchpriority=\"high\" decoding=\"async\" width=\"800\" height=\"800\" src=\"https:\/\/www.visagesalon.hu\/wp-content\/uploads\/2025\/05\/hagyomanyos-kozmetika-mohacs-szolgaltatas2-1024x1024.webp\" class=\"attachment-large size-large wp-image-1678\" alt=\"\" srcset=\"https:\/\/www.visagesalon.hu\/wp-content\/uploads\/2025\/05\/hagyomanyos-kozmetika-mohacs-szolgaltatas2-1024x1024.webp 1024w, https:\/\/www.visagesalon.hu\/wp-content\/uploads\/2025\/05\/hagyomanyos-kozmetika-mohacs-szolgaltatas2-300x300.webp 300w, https:\/\/www.visagesalon.hu\/wp-content\/uploads\/2025\/05\/hagyomanyos-kozmetika-mohacs-szolgaltatas2-150x150.webp 150w, https:\/\/www.visagesalon.hu\/wp-content\/uploads\/2025\/05\/hagyomanyos-kozmetika-mohacs-szolgaltatas2-768x768.webp 768w, https:\/\/www.visagesalon.hu\/wp-content\/uploads\/2025\/05\/hagyomanyos-kozmetika-mohacs-szolgaltatas2-1536x1536.webp 1536w, https:\/\/www.visagesalon.hu\/wp-content\/uploads\/2025\/05\/hagyomanyos-kozmetika-mohacs-szolgaltatas2.webp 1600w\" sizes=\"(max-width: 800px) 100vw, 800px\" \/>\t\t\t\t\t\t\t\t\t\t\t\t\t\t\t<\/div>\n\t\t\t\t<\/div>\n\t\t\t\t<\/div>\n\t\t<div class=\"elementor-element elementor-element-09d59d2 e-con-full e-flex e-con e-child\" data-id=\"09d59d2\" data-element_type=\"container\" data-e-type=\"container\">\n\t\t\t\t<div class=\"elementor-element elementor-element-b917cb1 elementor-widget elementor-widget-heading\" data-id=\"b917cb1\" data-element_type=\"widget\" data-e-type=\"widget\" data-widget_type=\"heading.default\">\n\t\t\t\t<div class=\"elementor-widget-container\">\n\t\t\t\t\t<h1 class=\"elementor-heading-title elementor-size-default\">Traditional Facials<\/h1>\t\t\t\t<\/div>\n\t\t\t\t<\/div>\n\t\t\t\t<div class=\"elementor-element elementor-element-10b9a8e elementor-widget elementor-widget-heading\" data-id=\"10b9a8e\" data-element_type=\"widget\" data-e-type=\"widget\" data-widget_type=\"heading.default\">\n\t\t\t\t<div class=\"elementor-widget-container\">\n\t\t\t\t\t<h2 class=\"elementor-heading-title elementor-size-default\">Face &amp; D\u00e9collet\u00e9 Massage <\/h2>\t\t\t\t<\/div>\n\t\t\t\t<\/div>\n\t\t\t\t<div class=\"elementor-element elementor-element-9955e85 elementor-widget__width-initial elementor-widget elementor-widget-text-editor\" data-id=\"9955e85\" data-element_type=\"widget\" data-e-type=\"widget\" data-widget_type=\"text-editor.default\">\n\t\t\t\t<div class=\"elementor-widget-container\">\n\t\t\t\t\t\t\t\t\t<p>Treatments enriched with advanced anti-aging actives \u2013 the perfect way to recharge body and mind, and enjoy your precious \u2018me-time.\u2019<\/p><p>The treatment lasts approximately 50 minutes, from facial cleansing to the application of the finishing cream. It is specifically designed to soothe and relax, while also refreshing and firming the skin.<\/p>\t\t\t\t\t\t\t\t<\/div>\n\t\t\t\t<\/div>\n\t\t\t\t<div class=\"elementor-element elementor-element-c0ca080 elementor-widget__width-initial elementor-widget elementor-widget-text-editor\" data-id=\"c0ca080\" data-element_type=\"widget\" data-e-type=\"widget\" data-widget_type=\"text-editor.default\">\n\t\t\t\t<div class=\"elementor-widget-container\">\n\t\t\t\t\t\t\t\t\t<p><strong>Price: <\/strong>10.000 HUF<\/p>\t\t\t\t\t\t\t\t<\/div>\n\t\t\t\t<\/div>\n\t\t\t\t<\/div>\n\t\t\t\t\t<\/div>\n\t\t\t\t<\/div>\n\t\t<div class=\"elementor-element elementor-element-6a68b6d e-flex e-con-boxed e-con e-parent\" data-id=\"6a68b6d\" data-element_type=\"container\" data-e-type=\"container\">\n\t\t\t\t\t<div class=\"e-con-inner\">\n\t\t<div class=\"elementor-element elementor-element-eb41517 e-con-full e-flex e-con e-child\" data-id=\"eb41517\" data-element_type=\"container\" data-e-type=\"container\">\n\t\t\t\t<div class=\"elementor-element elementor-element-78c0b4b elementor-widget elementor-widget-image\" data-id=\"78c0b4b\" data-element_type=\"widget\" data-e-type=\"widget\" data-widget_type=\"image.default\">\n\t\t\t\t<div class=\"elementor-widget-container\">\n\t\t\t\t\t\t\t\t\t\t\t\t\t\t\t<img decoding=\"async\" width=\"800\" height=\"800\" src=\"https:\/\/www.visagesalon.hu\/wp-content\/uploads\/2025\/06\/C-vitaminos-olajos-masszazs-Gua-Sha-kovel-1024x1024.webp\" class=\"attachment-large size-large wp-image-2026\" alt=\"\" srcset=\"https:\/\/www.visagesalon.hu\/wp-content\/uploads\/2025\/06\/C-vitaminos-olajos-masszazs-Gua-Sha-kovel-1024x1024.webp 1024w, https:\/\/www.visagesalon.hu\/wp-content\/uploads\/2025\/06\/C-vitaminos-olajos-masszazs-Gua-Sha-kovel-300x300.webp 300w, https:\/\/www.visagesalon.hu\/wp-content\/uploads\/2025\/06\/C-vitaminos-olajos-masszazs-Gua-Sha-kovel-150x150.webp 150w, https:\/\/www.visagesalon.hu\/wp-content\/uploads\/2025\/06\/C-vitaminos-olajos-masszazs-Gua-Sha-kovel-768x768.webp 768w, https:\/\/www.visagesalon.hu\/wp-content\/uploads\/2025\/06\/C-vitaminos-olajos-masszazs-Gua-Sha-kovel.webp 1300w\" sizes=\"(max-width: 800px) 100vw, 800px\" \/>\t\t\t\t\t\t\t\t\t\t\t\t\t\t\t<\/div>\n\t\t\t\t<\/div>\n\t\t\t\t<\/div>\n\t\t<div class=\"elementor-element elementor-element-e8ef8f8 e-con-full e-flex e-con e-child\" data-id=\"e8ef8f8\" data-element_type=\"container\" data-e-type=\"container\">\n\t\t\t\t<div class=\"elementor-element elementor-element-1144e88 elementor-widget-divider--view-line elementor-widget elementor-widget-divider\" data-id=\"1144e88\" data-element_type=\"widget\" data-e-type=\"widget\" data-widget_type=\"divider.default\">\n\t\t\t\t<div class=\"elementor-widget-container\">\n\t\t\t\t\t\t\t<div class=\"elementor-divider\">\n\t\t\t<span class=\"elementor-divider-separator\">\n\t\t\t\t\t\t<\/span>\n\t\t<\/div>\n\t\t\t\t\t\t<\/div>\n\t\t\t\t<\/div>\n\t\t\t\t<div class=\"elementor-element elementor-element-16bca2a elementor-widget elementor-widget-heading\" data-id=\"16bca2a\" data-element_type=\"widget\" data-e-type=\"widget\" data-widget_type=\"heading.default\">\n\t\t\t\t<div class=\"elementor-widget-container\">\n\t\t\t\t\t<h3 class=\"elementor-heading-title elementor-size-default\">Vitamin C Oil Massage with Gua Sha and Chakra Stones <\/h3>\t\t\t\t<\/div>\n\t\t\t\t<\/div>\n\t\t\t\t<div class=\"elementor-element elementor-element-b025569 elementor-widget elementor-widget-heading\" data-id=\"b025569\" data-element_type=\"widget\" data-e-type=\"widget\" data-widget_type=\"heading.default\">\n\t\t\t\t<div class=\"elementor-widget-container\">\n\t\t\t\t\t<h4 class=\"elementor-heading-title elementor-size-default\">A massage for both face and soul.<\/h4>\t\t\t\t<\/div>\n\t\t\t\t<\/div>\n\t\t\t\t<div class=\"elementor-element elementor-element-37cbdf2 elementor-widget__width-initial elementor-widget elementor-widget-text-editor\" data-id=\"37cbdf2\" data-element_type=\"widget\" data-e-type=\"widget\" data-widget_type=\"text-editor.default\">\n\t\t\t\t<div class=\"elementor-widget-container\">\n\t\t\t\t\t\t\t\t\t<p>In skincare, a holistic approach means that the health of our skin depends not only on the right creams and care but on much more. Holistic skincare considers both the body and the soul, as emotional factors often lie behind certain skin concerns.<\/p><p>The condition of the skin reflects the harmony or disharmony of the mind and body. Since the skin originates from the same ectodermal germ layer as the nervous system, it\u2019s no surprise that emotional processes often manifest immediately on it. This works in reverse as well: stimulation through the skin \u2014 the power of touch \u2014 positively affects the nervous system, and in turn, the entire body.<\/p><p>Holistic treatments help restore and maintain the health and beauty of your skin while supporting the achievement of physical and emotional harmony.<\/p>\t\t\t\t\t\t\t\t<\/div>\n\t\t\t\t<\/div>\n\t\t\t\t<div class=\"elementor-element elementor-element-f561b5b elementor-widget__width-initial elementor-widget elementor-widget-text-editor\" data-id=\"f561b5b\" data-element_type=\"widget\" data-e-type=\"widget\" data-widget_type=\"text-editor.default\">\n\t\t\t\t<div class=\"elementor-widget-container\">\n\t\t\t\t\t\t\t\t\t<p>The silky, lightweight texture of Image Skincare\u2019s Vitamin C Oil absorbs quickly, delivering an instant radiance boost. Essential fatty acids and antioxidants provide a powerful rejuvenating effect.<\/p><div dir=\"ltr\">My goal is not only to enhance your outer beauty but also to support your physical and emotional well-being.<\/div>\t\t\t\t\t\t\t\t<\/div>\n\t\t\t\t<\/div>\n\t\t\t\t<div class=\"elementor-element elementor-element-beaa1c7 elementor-widget__width-initial elementor-widget elementor-widget-text-editor\" data-id=\"beaa1c7\" data-element_type=\"widget\" data-e-type=\"widget\" data-widget_type=\"text-editor.default\">\n\t\t\t\t<div class=\"elementor-widget-container\">\n\t\t\t\t\t\t\t\t\t<p><strong>Price: <\/strong>15.000 HUF<\/p>\t\t\t\t\t\t\t\t<\/div>\n\t\t\t\t<\/div>\n\t\t\t\t<\/div>\n\t\t\t\t\t<\/div>\n\t\t\t\t<\/div>\n\t\t<div class=\"elementor-element elementor-element-82e99de e-flex e-con-boxed e-con e-parent\" data-id=\"82e99de\" data-element_type=\"container\" data-e-type=\"container\">\n\t\t\t\t\t<div class=\"e-con-inner\">\n\t\t\t\t<div class=\"elementor-element elementor-element-aeb34d3 elementor-widget-divider--view-line elementor-widget elementor-widget-divider\" data-id=\"aeb34d3\" data-element_type=\"widget\" data-e-type=\"widget\" data-widget_type=\"divider.default\">\n\t\t\t\t<div class=\"elementor-widget-container\">\n\t\t\t\t\t\t\t<div class=\"elementor-divider\">\n\t\t\t<span class=\"elementor-divider-separator\">\n\t\t\t\t\t\t<\/span>\n\t\t<\/div>\n\t\t\t\t\t\t<\/div>\n\t\t\t\t<\/div>\n\t\t\t\t\t<\/div>\n\t\t\t\t<\/div>\n\t\t<div class=\"elementor-element elementor-element-e635e87 e-flex e-con-boxed e-con e-parent\" data-id=\"e635e87\" data-element_type=\"container\" data-e-type=\"container\">\n\t\t\t\t\t<div class=\"e-con-inner\">\n\t\t<div class=\"elementor-element elementor-element-54bdc1a e-con-full e-flex e-con e-child\" data-id=\"54bdc1a\" data-element_type=\"container\" data-e-type=\"container\">\n\t\t<div class=\"elementor-element elementor-element-aacda60 e-con-full e-flex e-con e-child\" data-id=\"aacda60\" data-element_type=\"container\" data-e-type=\"container\">\n\t\t\t\t<div class=\"elementor-element elementor-element-d70ed8b elementor-widget elementor-widget-image\" data-id=\"d70ed8b\" data-element_type=\"widget\" data-e-type=\"widget\" data-widget_type=\"image.default\">\n\t\t\t\t<div class=\"elementor-widget-container\">\n\t\t\t\t\t\t\t\t\t\t\t\t\t\t\t<img decoding=\"async\" width=\"800\" height=\"800\" src=\"https:\/\/www.visagesalon.hu\/wp-content\/uploads\/2025\/06\/tisztito-kezeles-kozmetika-mohacs-1024x1024.webp\" class=\"attachment-large size-large wp-image-1941\" alt=\"\" srcset=\"https:\/\/www.visagesalon.hu\/wp-content\/uploads\/2025\/06\/tisztito-kezeles-kozmetika-mohacs-1024x1024.webp 1024w, https:\/\/www.visagesalon.hu\/wp-content\/uploads\/2025\/06\/tisztito-kezeles-kozmetika-mohacs-300x300.webp 300w, https:\/\/www.visagesalon.hu\/wp-content\/uploads\/2025\/06\/tisztito-kezeles-kozmetika-mohacs-150x150.webp 150w, https:\/\/www.visagesalon.hu\/wp-content\/uploads\/2025\/06\/tisztito-kezeles-kozmetika-mohacs-768x768.webp 768w, https:\/\/www.visagesalon.hu\/wp-content\/uploads\/2025\/06\/tisztito-kezeles-kozmetika-mohacs-1536x1536.webp 1536w, https:\/\/www.visagesalon.hu\/wp-content\/uploads\/2025\/06\/tisztito-kezeles-kozmetika-mohacs.webp 1600w\" sizes=\"(max-width: 800px) 100vw, 800px\" \/>\t\t\t\t\t\t\t\t\t\t\t\t\t\t\t<\/div>\n\t\t\t\t<\/div>\n\t\t\t\t<\/div>\n\t\t<div class=\"elementor-element elementor-element-cc71d3a e-con-full e-flex e-con e-child\" data-id=\"cc71d3a\" data-element_type=\"container\" data-e-type=\"container\">\n\t\t\t\t<div class=\"elementor-element elementor-element-9437184 elementor-widget elementor-widget-heading\" data-id=\"9437184\" data-element_type=\"widget\" data-e-type=\"widget\" data-widget_type=\"heading.default\">\n\t\t\t\t<div class=\"elementor-widget-container\">\n\t\t\t\t\t<h3 class=\"elementor-heading-title elementor-size-default\">Traditional Facials<\/h3>\t\t\t\t<\/div>\n\t\t\t\t<\/div>\n\t\t\t\t<div class=\"elementor-element elementor-element-715ba36 elementor-widget elementor-widget-heading\" data-id=\"715ba36\" data-element_type=\"widget\" data-e-type=\"widget\" data-widget_type=\"heading.default\">\n\t\t\t\t<div class=\"elementor-widget-container\">\n\t\t\t\t\t<h4 class=\"elementor-heading-title elementor-size-default\">Cleansing Facial<\/h4>\t\t\t\t<\/div>\n\t\t\t\t<\/div>\n\t\t\t\t<div class=\"elementor-element elementor-element-9881eef elementor-widget__width-initial elementor-widget elementor-widget-text-editor\" data-id=\"9881eef\" data-element_type=\"widget\" data-e-type=\"widget\" data-widget_type=\"text-editor.default\">\n\t\t\t\t<div class=\"elementor-widget-container\">\n\t\t\t\t\t\t\t\t\t<p>A personalized pore-cleansing facial treatment, suitable for children and teens up to puberty.<\/p>\t\t\t\t\t\t\t\t<\/div>\n\t\t\t\t<\/div>\n\t\t\t\t<div class=\"elementor-element elementor-element-08902dc elementor-widget__width-initial elementor-widget elementor-widget-text-editor\" data-id=\"08902dc\" data-element_type=\"widget\" data-e-type=\"widget\" data-widget_type=\"text-editor.default\">\n\t\t\t\t<div class=\"elementor-widget-container\">\n\t\t\t\t\t\t\t\t\t<p><strong>Price: <\/strong>16.000 HUF<\/p>\t\t\t\t\t\t\t\t<\/div>\n\t\t\t\t<\/div>\n\t\t\t\t<\/div>\n\t\t\t\t<\/div>\n\t\t\t\t\t<\/div>\n\t\t\t\t<\/div>\n\t\t\t\t<\/div>","protected":false},"excerpt":{"rendered":"<p>Hagyom\u00e1nyos kozmetika Arc \u00e9s dekolt\u00e1zsmassz\u00e1zs Anti-ageing hat\u00f3anyagokkal kieg\u00e9sz\u00edtett kezel\u00e9s. Egy igazi testi-lelki felt\u00f6lt\u0151d\u00e9s, val\u00f3di \u00c9n-id\u0151 v\u00e1r R\u00e1d. A kezel\u00e9s kb. 50 percet vesz ig\u00e9nybe az arcb\u0151r letiszt\u00edt\u00e1s\u00e1t\u00f3l a befejez\u0151 kr\u00e9mig. A kezel\u00e9s kifejezetten nyugtat\u00f3, relax\u00e1l\u00f3, mindamellett hogy, friss\u00edti \u00e9s feszes\u00edti az arcb\u0151rt. Kezel\u00e9s \u00e1ra: 10.000 Ft C vitamin olajos massz\u00e1zs Gua shaval \u00e9s csakra k\u00f6vekkel [&hellip;]<\/p>","protected":false},"author":1,"featured_media":0,"parent":56,"menu_order":0,"comment_status":"closed","ping_status":"closed","template":"elementor_header_footer","meta":{"inline_featured_image":false,"footnotes":""},"class_list":["post-1327","page","type-page","status-publish","hentry"],"_links":{"self":[{"href":"https:\/\/www.visagesalon.hu\/en\/wp-json\/wp\/v2\/pages\/1327","targetHints":{"allow":["GET"]}}],"collection":[{"href":"https:\/\/www.visagesalon.hu\/en\/wp-json\/wp\/v2\/pages"}],"about":[{"href":"https:\/\/www.visagesalon.hu\/en\/wp-json\/wp\/v2\/types\/page"}],"author":[{"embeddable":true,"href":"https:\/\/www.visagesalon.hu\/en\/wp-json\/wp\/v2\/users\/1"}],"replies":[{"embeddable":true,"href":"https:\/\/www.visagesalon.hu\/en\/wp-json\/wp\/v2\/comments?post=1327"}],"version-history":[{"count":34,"href":"https:\/\/www.visagesalon.hu\/en\/wp-json\/wp\/v2\/pages\/1327\/revisions"}],"predecessor-version":[{"id":2029,"href":"https:\/\/www.visagesalon.hu\/en\/wp-json\/wp\/v2\/pages\/1327\/revisions\/2029"}],"up":[{"embeddable":true,"href":"https:\/\/www.visagesalon.hu\/en\/wp-json\/wp\/v2\/pages\/56"}],"wp:attachment":[{"href":"https:\/\/www.visagesalon.hu\/en\/wp-json\/wp\/v2\/media?parent=1327"}],"curies":[{"name":"wp","href":"https:\/\/api.w.org\/{rel}","templated":true}]}}