{"id":1357,"date":"2025-05-27T11:56:16","date_gmt":"2025-05-27T10:56:16","guid":{"rendered":"https:\/\/www.visagesalon.hu\/?page_id=1357"},"modified":"2025-06-06T10:00:26","modified_gmt":"2025-06-06T09:00:26","slug":"szintanacsadas","status":"publish","type":"page","link":"https:\/\/www.visagesalon.hu\/en\/szolgaltatasok\/szintanacsadas\/","title":{"rendered":"Colour Consultation"},"content":{"rendered":"<div data-elementor-type=\"wp-page\" data-elementor-id=\"1357\" class=\"elementor elementor-1357\" data-elementor-post-type=\"page\">\n\t\t\t\t<div class=\"elementor-element elementor-element-fa1a9fa e-flex e-con-boxed e-con e-parent\" data-id=\"fa1a9fa\" data-element_type=\"container\" data-e-type=\"container\">\n\t\t\t\t\t<div class=\"e-con-inner\">\n\t\t<div class=\"elementor-element elementor-element-88bd629 e-con-full e-flex e-con e-child\" data-id=\"88bd629\" data-element_type=\"container\" data-e-type=\"container\">\n\t\t\t\t<div class=\"elementor-element elementor-element-c28233b elementor-widget elementor-widget-video\" data-id=\"c28233b\" data-element_type=\"widget\" data-e-type=\"widget\" data-settings=\"{&quot;video_type&quot;:&quot;hosted&quot;,&quot;controls&quot;:&quot;yes&quot;}\" data-widget_type=\"video.default\">\n\t\t\t\t<div class=\"elementor-widget-container\">\n\t\t\t\t\t\t\t<div class=\"e-hosted-video elementor-wrapper elementor-open-inline\">\n\t\t\t\t\t<video class=\"elementor-video\" src=\"https:\/\/www.visagesalon.hu\/wp-content\/uploads\/2025\/05\/szintanacsadas-video.mp4\" controls=\"\" preload=\"metadata\" controlslist=\"nodownload\"><\/video>\n\t\t\t\t<\/div>\n\t\t\t\t\t\t<\/div>\n\t\t\t\t<\/div>\n\t\t\t\t<\/div>\n\t\t<div class=\"elementor-element elementor-element-d1506aa e-con-full e-flex e-con e-child\" data-id=\"d1506aa\" data-element_type=\"container\" data-e-type=\"container\">\n\t\t\t\t<div class=\"elementor-element elementor-element-cccc85c elementor-widget elementor-widget-heading\" data-id=\"cccc85c\" data-element_type=\"widget\" data-e-type=\"widget\" data-widget_type=\"heading.default\">\n\t\t\t\t<div class=\"elementor-widget-container\">\n\t\t\t\t\t<h1 class=\"elementor-heading-title elementor-size-default\"> Colour Consultation<\/h1>\t\t\t\t<\/div>\n\t\t\t\t<\/div>\n\t\t\t\t<div class=\"elementor-element elementor-element-a45ba8d elementor-widget__width-initial elementor-widget elementor-widget-text-editor\" data-id=\"a45ba8d\" data-element_type=\"widget\" data-e-type=\"widget\" data-widget_type=\"text-editor.default\">\n\t\t\t\t<div class=\"elementor-widget-container\">\n\t\t\t\t\t\t\t\t\t<p>Wearing the wrong colours near your face can make your skin look older, duller, and more tired. I\u2019ll show you which shades make you look vibrant and youthful.<\/p><p>With the right colors, our complexion appears fresher, younger, and radiant!<\/p><p>Do you know which colors enhance your natural beauty?<\/p><p>If not, come to a personalized makeup lesson with me, where we will determine your color type and discover which shades will help you shine in everyday life.<\/p>\t\t\t\t\t\t\t\t<\/div>\n\t\t\t\t<\/div>\n\t\t\t\t<div class=\"elementor-element elementor-element-633bf4d elementor-widget__width-initial elementor-widget elementor-widget-text-editor\" data-id=\"633bf4d\" data-element_type=\"widget\" data-e-type=\"widget\" data-widget_type=\"text-editor.default\">\n\t\t\t\t<div class=\"elementor-widget-container\">\n\t\t\t\t\t\t\t\t\t<p>Color consultation is a tailor-made service that helps you find the most flattering colors for your clothing, hair, and makeup. Colors are not only important aesthetically \u2014 they also influence our emotions, mood, and self-image.<\/p><p>We all have favorite colors, but do they really suit us? Choosing the wrong ones can make us look washed out, tired, or older. Everyone has their own personal palette that complements their natural coloring and brings out both outer and inner beauty \u2014 without saying a word.<\/p>\t\t\t\t\t\t\t\t<\/div>\n\t\t\t\t<\/div>\n\t\t\t\t<div class=\"elementor-element elementor-element-cbe8ded elementor-widget__width-initial elementor-widget elementor-widget-text-editor\" data-id=\"cbe8ded\" data-element_type=\"widget\" data-e-type=\"widget\" data-widget_type=\"text-editor.default\">\n\t\t\t\t<div class=\"elementor-widget-container\">\n\t\t\t\t\t\t\t\t\t<p><strong>Individual Color Consultation:<\/strong> 20.000 HUF \/ person<br \/><strong>Duo Color Consultation:<\/strong> 30.000 HUF<\/p>\t\t\t\t\t\t\t\t<\/div>\n\t\t\t\t<\/div>\n\t\t\t\t<\/div>\n\t\t\t\t\t<\/div>\n\t\t\t\t<\/div>\n\t\t\t\t<\/div>","protected":false},"excerpt":{"rendered":"<p>https:\/\/www.visagesalon.hu\/wp-content\/uploads\/2025\/05\/szintanacsadas-video.mp4 Sz\u00edntan\u00e1csad\u00e1s Amint rossz sz\u00edneket visel\u00fcnk az arcunkon, vagy ahhoz k\u00f6zel, a b\u0151r\u00fcnk id\u0151sebbnek t\u0171nik, s\u00e1padtabb, fak\u00f3bb lesz! J\u00f3 sz\u00ednek mellett az arcunk \u00fcd\u00e9bb, fiatalosabb, ragyog\u00f3! Te tudod mik a sz\u00edneid, amik kiemelik a sz\u00e9ps\u00e9ged? Ha nem, gyere el egy szem\u00e9lyre szabott sminkoktat\u00e1sra hozz\u00e1m, ahol megn\u00e9zz\u00fck melyik sz\u00ednt\u00edpusba tartozol, milyen sz\u00ednek seg\u00edtenek a h\u00e9tk\u00f6znapokban is [&hellip;]<\/p>","protected":false},"author":1,"featured_media":0,"parent":56,"menu_order":0,"comment_status":"closed","ping_status":"closed","template":"elementor_header_footer","meta":{"inline_featured_image":false,"footnotes":""},"class_list":["post-1357","page","type-page","status-publish","hentry"],"_links":{"self":[{"href":"https:\/\/www.visagesalon.hu\/en\/wp-json\/wp\/v2\/pages\/1357","targetHints":{"allow":["GET"]}}],"collection":[{"href":"https:\/\/www.visagesalon.hu\/en\/wp-json\/wp\/v2\/pages"}],"about":[{"href":"https:\/\/www.visagesalon.hu\/en\/wp-json\/wp\/v2\/types\/page"}],"author":[{"embeddable":true,"href":"https:\/\/www.visagesalon.hu\/en\/wp-json\/wp\/v2\/users\/1"}],"replies":[{"embeddable":true,"href":"https:\/\/www.visagesalon.hu\/en\/wp-json\/wp\/v2\/comments?post=1357"}],"version-history":[{"count":22,"href":"https:\/\/www.visagesalon.hu\/en\/wp-json\/wp\/v2\/pages\/1357\/revisions"}],"predecessor-version":[{"id":1968,"href":"https:\/\/www.visagesalon.hu\/en\/wp-json\/wp\/v2\/pages\/1357\/revisions\/1968"}],"up":[{"embeddable":true,"href":"https:\/\/www.visagesalon.hu\/en\/wp-json\/wp\/v2\/pages\/56"}],"wp:attachment":[{"href":"https:\/\/www.visagesalon.hu\/en\/wp-json\/wp\/v2\/media?parent=1357"}],"curies":[{"name":"wp","href":"https:\/\/api.w.org\/{rel}","templated":true}]}}