{"id":1368,"date":"2025-05-27T11:58:21","date_gmt":"2025-05-27T10:58:21","guid":{"rendered":"https:\/\/www.visagesalon.hu\/?page_id=1368"},"modified":"2025-06-06T09:23:53","modified_gmt":"2025-06-06T08:23:53","slug":"festesek","status":"publish","type":"page","link":"https:\/\/www.visagesalon.hu\/en\/szolgaltatasok\/festesek\/","title":{"rendered":"Tinting"},"content":{"rendered":"<div data-elementor-type=\"wp-page\" data-elementor-id=\"1368\" class=\"elementor elementor-1368\" data-elementor-post-type=\"page\">\n\t\t\t\t<div class=\"elementor-element elementor-element-2daa040 e-flex e-con-boxed e-con e-parent\" data-id=\"2daa040\" data-element_type=\"container\" data-e-type=\"container\">\n\t\t\t\t\t<div class=\"e-con-inner\">\n\t\t<div class=\"elementor-element elementor-element-370e11c e-con-full e-flex e-con e-child\" data-id=\"370e11c\" data-element_type=\"container\" data-e-type=\"container\">\n\t\t\t\t<div class=\"elementor-element elementor-element-b3c64d5 elementor-widget elementor-widget-image\" data-id=\"b3c64d5\" data-element_type=\"widget\" data-e-type=\"widget\" data-widget_type=\"image.default\">\n\t\t\t\t<div class=\"elementor-widget-container\">\n\t\t\t\t\t\t\t\t\t\t\t\t\t\t\t<img fetchpriority=\"high\" decoding=\"async\" width=\"800\" height=\"800\" src=\"https:\/\/www.visagesalon.hu\/wp-content\/uploads\/2025\/06\/festes-kozmetika-mohacs-szolgaltatas_-1024x1024.webp\" class=\"attachment-large size-large wp-image-1906\" alt=\"\" srcset=\"https:\/\/www.visagesalon.hu\/wp-content\/uploads\/2025\/06\/festes-kozmetika-mohacs-szolgaltatas_-1024x1024.webp 1024w, https:\/\/www.visagesalon.hu\/wp-content\/uploads\/2025\/06\/festes-kozmetika-mohacs-szolgaltatas_-300x300.webp 300w, https:\/\/www.visagesalon.hu\/wp-content\/uploads\/2025\/06\/festes-kozmetika-mohacs-szolgaltatas_-150x150.webp 150w, https:\/\/www.visagesalon.hu\/wp-content\/uploads\/2025\/06\/festes-kozmetika-mohacs-szolgaltatas_-768x768.webp 768w, https:\/\/www.visagesalon.hu\/wp-content\/uploads\/2025\/06\/festes-kozmetika-mohacs-szolgaltatas_-1536x1536.webp 1536w, https:\/\/www.visagesalon.hu\/wp-content\/uploads\/2025\/06\/festes-kozmetika-mohacs-szolgaltatas_.webp 1600w\" sizes=\"(max-width: 800px) 100vw, 800px\" \/>\t\t\t\t\t\t\t\t\t\t\t\t\t\t\t<\/div>\n\t\t\t\t<\/div>\n\t\t\t\t<\/div>\n\t\t<div class=\"elementor-element elementor-element-5ca2f1b e-con-full e-flex e-con e-child\" data-id=\"5ca2f1b\" data-element_type=\"container\" data-e-type=\"container\">\n\t\t\t\t<div class=\"elementor-element elementor-element-ef067e0 elementor-widget elementor-widget-heading\" data-id=\"ef067e0\" data-element_type=\"widget\" data-e-type=\"widget\" data-widget_type=\"heading.default\">\n\t\t\t\t<div class=\"elementor-widget-container\">\n\t\t\t\t\t<h1 class=\"elementor-heading-title elementor-size-default\">Tinting<\/h1>\t\t\t\t<\/div>\n\t\t\t\t<\/div>\n\t\t\t\t<div class=\"elementor-element elementor-element-4093a66 elementor-widget__width-initial elementor-widget elementor-widget-text-editor\" data-id=\"4093a66\" data-element_type=\"widget\" data-e-type=\"widget\" data-widget_type=\"text-editor.default\">\n\t\t\t\t<div class=\"elementor-widget-container\">\n\t\t\t\t\t\t\t\t\t<p><strong>Eyelash Tinting:<\/strong> 3000 HUF<br \/><strong>Eyebrow Tinting:<\/strong> 2000 HUF<br \/><strong>Eyebrow Shaping:<\/strong> 2000 HUF<br \/><strong>Eyebrow Touch-Up:<\/strong> 1000 HUF<\/p>\t\t\t\t\t\t\t\t<\/div>\n\t\t\t\t<\/div>\n\t\t\t\t<\/div>\n\t\t\t\t\t<\/div>\n\t\t\t\t<\/div>\n\t\t\t\t<\/div>","protected":false},"excerpt":{"rendered":"<p>Fest\u00e9sek Szempillafest\u00e9s: 3000 FtSzem\u00f6ld\u00f6k fest\u00e9s: 2000 FtSzem\u00f6ld\u00f6k form\u00e1z\u00e1s: 2000 FtSzem\u00f6ld\u00f6k igaz\u00edt\u00e1s: 1000 Ft<\/p>","protected":false},"author":1,"featured_media":0,"parent":56,"menu_order":0,"comment_status":"closed","ping_status":"closed","template":"elementor_header_footer","meta":{"inline_featured_image":false,"footnotes":""},"class_list":["post-1368","page","type-page","status-publish","hentry"],"_links":{"self":[{"href":"https:\/\/www.visagesalon.hu\/en\/wp-json\/wp\/v2\/pages\/1368","targetHints":{"allow":["GET"]}}],"collection":[{"href":"https:\/\/www.visagesalon.hu\/en\/wp-json\/wp\/v2\/pages"}],"about":[{"href":"https:\/\/www.visagesalon.hu\/en\/wp-json\/wp\/v2\/types\/page"}],"author":[{"embeddable":true,"href":"https:\/\/www.visagesalon.hu\/en\/wp-json\/wp\/v2\/users\/1"}],"replies":[{"embeddable":true,"href":"https:\/\/www.visagesalon.hu\/en\/wp-json\/wp\/v2\/comments?post=1368"}],"version-history":[{"count":13,"href":"https:\/\/www.visagesalon.hu\/en\/wp-json\/wp\/v2\/pages\/1368\/revisions"}],"predecessor-version":[{"id":1909,"href":"https:\/\/www.visagesalon.hu\/en\/wp-json\/wp\/v2\/pages\/1368\/revisions\/1909"}],"up":[{"embeddable":true,"href":"https:\/\/www.visagesalon.hu\/en\/wp-json\/wp\/v2\/pages\/56"}],"wp:attachment":[{"href":"https:\/\/www.visagesalon.hu\/en\/wp-json\/wp\/v2\/media?parent=1368"}],"curies":[{"name":"wp","href":"https:\/\/api.w.org\/{rel}","templated":true}]}}