{"id":1377,"date":"2025-05-27T12:00:35","date_gmt":"2025-05-27T11:00:35","guid":{"rendered":"https:\/\/www.visagesalon.hu\/?page_id=1377"},"modified":"2025-08-15T07:52:51","modified_gmt":"2025-08-15T06:52:51","slug":"gyantazas","status":"publish","type":"page","link":"https:\/\/www.visagesalon.hu\/en\/szolgaltatasok\/gyantazas\/","title":{"rendered":"Waxing"},"content":{"rendered":"<div data-elementor-type=\"wp-page\" data-elementor-id=\"1377\" class=\"elementor elementor-1377\" data-elementor-post-type=\"page\">\n\t\t\t\t<div class=\"elementor-element elementor-element-5b525cb e-flex e-con-boxed e-con e-parent\" data-id=\"5b525cb\" data-element_type=\"container\" data-e-type=\"container\">\n\t\t\t\t\t<div class=\"e-con-inner\">\n\t\t<div class=\"elementor-element elementor-element-e9e5316 e-con-full e-flex e-con e-child\" data-id=\"e9e5316\" data-element_type=\"container\" data-e-type=\"container\">\n\t\t\t\t<div class=\"elementor-element elementor-element-8f582e7 elementor-widget elementor-widget-image\" data-id=\"8f582e7\" data-element_type=\"widget\" data-e-type=\"widget\" data-widget_type=\"image.default\">\n\t\t\t\t<div class=\"elementor-widget-container\">\n\t\t\t\t\t\t\t\t\t\t\t\t\t\t\t<img fetchpriority=\"high\" decoding=\"async\" width=\"800\" height=\"800\" src=\"https:\/\/www.visagesalon.hu\/wp-content\/uploads\/2025\/05\/gyantazas-kozmetika-mohacs-szolgaltatas-1024x1024.webp\" class=\"attachment-large size-large wp-image-1379\" alt=\"\" srcset=\"https:\/\/www.visagesalon.hu\/wp-content\/uploads\/2025\/05\/gyantazas-kozmetika-mohacs-szolgaltatas-1024x1024.webp 1024w, https:\/\/www.visagesalon.hu\/wp-content\/uploads\/2025\/05\/gyantazas-kozmetika-mohacs-szolgaltatas-300x300.webp 300w, https:\/\/www.visagesalon.hu\/wp-content\/uploads\/2025\/05\/gyantazas-kozmetika-mohacs-szolgaltatas-150x150.webp 150w, https:\/\/www.visagesalon.hu\/wp-content\/uploads\/2025\/05\/gyantazas-kozmetika-mohacs-szolgaltatas-768x768.webp 768w, https:\/\/www.visagesalon.hu\/wp-content\/uploads\/2025\/05\/gyantazas-kozmetika-mohacs-szolgaltatas.webp 1400w\" sizes=\"(max-width: 800px) 100vw, 800px\" \/>\t\t\t\t\t\t\t\t\t\t\t\t\t\t\t<\/div>\n\t\t\t\t<\/div>\n\t\t\t\t<\/div>\n\t\t<div class=\"elementor-element elementor-element-d67dc96 e-con-full e-flex e-con e-child\" data-id=\"d67dc96\" data-element_type=\"container\" data-e-type=\"container\">\n\t\t\t\t<div class=\"elementor-element elementor-element-5264221 elementor-widget elementor-widget-heading\" data-id=\"5264221\" data-element_type=\"widget\" data-e-type=\"widget\" data-widget_type=\"heading.default\">\n\t\t\t\t<div class=\"elementor-widget-container\">\n\t\t\t\t\t<h1 class=\"elementor-heading-title elementor-size-default\">Waxing<\/h1>\t\t\t\t<\/div>\n\t\t\t\t<\/div>\n\t\t\t\t<div class=\"elementor-element elementor-element-ab1dfa5 elementor-widget__width-initial elementor-widget elementor-widget-text-editor\" data-id=\"ab1dfa5\" data-element_type=\"widget\" data-e-type=\"widget\" data-widget_type=\"text-editor.default\">\n\t\t\t\t<div class=\"elementor-widget-container\">\n\t\t\t\t\t\t\t\t\t<p><strong>Upper Lip<\/strong>: 1000 HUF<br \/><strong>Chin:<\/strong> 2000 HUF<br \/><strong>Legs (to knee):<\/strong> 3000 HUF<br \/><strong>Thighs:<\/strong> 4000 HUF<br \/><strong>Arms (to elbow):<\/strong> 2000 HUF<br \/><strong>Full Arms:<\/strong> 3000 HUF<br \/><strong>Bikini Line:<\/strong> 4000 HUF<br \/><strong>Brazilian:<\/strong> 7000 HUF<br \/><strong>Underarms:<\/strong> 2000 HUF<\/p>\t\t\t\t\t\t\t\t<\/div>\n\t\t\t\t<\/div>\n\t\t\t\t<\/div>\n\t\t\t\t\t<\/div>\n\t\t\t\t<\/div>\n\t\t\t\t<\/div>","protected":false},"excerpt":{"rendered":"<p>Gyant\u00e1z\u00e1s Bajusz: 1000 Ft\u00c1ll: 2000 FtL\u00e1b t\u00e9rdig: 3000 FtComb: 4000 FtKar k\u00f6ny\u00e9kig: 2000 FtKar v\u00e9gig: 3000 FtBikini vonal: 4000 FtIntim: 7000 FtH\u00f3nalj: 2000 Ft<\/p>","protected":false},"author":1,"featured_media":0,"parent":56,"menu_order":0,"comment_status":"closed","ping_status":"closed","template":"elementor_header_footer","meta":{"inline_featured_image":false,"footnotes":""},"class_list":["post-1377","page","type-page","status-publish","hentry"],"_links":{"self":[{"href":"https:\/\/www.visagesalon.hu\/en\/wp-json\/wp\/v2\/pages\/1377","targetHints":{"allow":["GET"]}}],"collection":[{"href":"https:\/\/www.visagesalon.hu\/en\/wp-json\/wp\/v2\/pages"}],"about":[{"href":"https:\/\/www.visagesalon.hu\/en\/wp-json\/wp\/v2\/types\/page"}],"author":[{"embeddable":true,"href":"https:\/\/www.visagesalon.hu\/en\/wp-json\/wp\/v2\/users\/1"}],"replies":[{"embeddable":true,"href":"https:\/\/www.visagesalon.hu\/en\/wp-json\/wp\/v2\/comments?post=1377"}],"version-history":[{"count":10,"href":"https:\/\/www.visagesalon.hu\/en\/wp-json\/wp\/v2\/pages\/1377\/revisions"}],"predecessor-version":[{"id":2209,"href":"https:\/\/www.visagesalon.hu\/en\/wp-json\/wp\/v2\/pages\/1377\/revisions\/2209"}],"up":[{"embeddable":true,"href":"https:\/\/www.visagesalon.hu\/en\/wp-json\/wp\/v2\/pages\/56"}],"wp:attachment":[{"href":"https:\/\/www.visagesalon.hu\/en\/wp-json\/wp\/v2\/media?parent=1377"}],"curies":[{"name":"wp","href":"https:\/\/api.w.org\/{rel}","templated":true}]}}