{"id":268,"date":"2025-05-20T08:49:45","date_gmt":"2025-05-20T07:49:45","guid":{"rendered":"https:\/\/www.visagesalon.hu\/?page_id=268"},"modified":"2025-08-14T10:01:29","modified_gmt":"2025-08-14T09:01:29","slug":"rolam","status":"publish","type":"page","link":"https:\/\/www.visagesalon.hu\/en\/rolam\/","title":{"rendered":"About Me"},"content":{"rendered":"<div data-elementor-type=\"wp-page\" data-elementor-id=\"268\" class=\"elementor elementor-268\" data-elementor-post-type=\"page\">\n\t\t\t\t<div class=\"elementor-element elementor-element-a567418 e-flex e-con-boxed e-con e-parent\" data-id=\"a567418\" data-element_type=\"container\" data-e-type=\"container\">\n\t\t\t\t\t<div class=\"e-con-inner\">\n\t\t\t\t<div class=\"elementor-element elementor-element-0ef8067 elementor-widget elementor-widget-heading\" data-id=\"0ef8067\" data-element_type=\"widget\" data-e-type=\"widget\" data-widget_type=\"heading.default\">\n\t\t\t\t<div class=\"elementor-widget-container\">\n\t\t\t\t\t<h1 class=\"elementor-heading-title elementor-size-default\">About Me<\/h1>\t\t\t\t<\/div>\n\t\t\t\t<\/div>\n\t\t\t\t<div class=\"elementor-element elementor-element-32571ba elementor-widget-divider--view-line elementor-widget elementor-widget-divider\" data-id=\"32571ba\" data-element_type=\"widget\" data-e-type=\"widget\" data-widget_type=\"divider.default\">\n\t\t\t\t<div class=\"elementor-widget-container\">\n\t\t\t\t\t\t\t<div class=\"elementor-divider\">\n\t\t\t<span class=\"elementor-divider-separator\">\n\t\t\t\t\t\t<\/span>\n\t\t<\/div>\n\t\t\t\t\t\t<\/div>\n\t\t\t\t<\/div>\n\t\t\t\t<div class=\"elementor-element elementor-element-0194d16 elementor-widget__width-initial elementor-widget elementor-widget-text-editor\" data-id=\"0194d16\" data-element_type=\"widget\" data-e-type=\"widget\" data-widget_type=\"text-editor.default\">\n\t\t\t\t<div class=\"elementor-widget-container\">\n\t\t\t\t\t\t\t\t\t<p>Welcome, and thank you for visiting my page!<br \/>I\u2019m Szilvia Lerch \u2013 Master Cosmetologist and proud owner of Visage Salon, where the art of beauty meets the precision of science.<\/p>\t\t\t\t\t\t\t\t<\/div>\n\t\t\t\t<\/div>\n\t\t<div class=\"elementor-element elementor-element-16e6328 e-con-full e-flex e-con e-child\" data-id=\"16e6328\" data-element_type=\"container\" data-e-type=\"container\">\n\t\t<div class=\"elementor-element elementor-element-d0cc99b e-con-full e-flex e-con e-child\" data-id=\"d0cc99b\" data-element_type=\"container\" data-e-type=\"container\">\n\t\t\t\t<div class=\"elementor-element elementor-element-5e58492 elementor-widget elementor-widget-image\" data-id=\"5e58492\" data-element_type=\"widget\" data-e-type=\"widget\" data-widget_type=\"image.default\">\n\t\t\t\t<div class=\"elementor-widget-container\">\n\t\t\t\t\t\t\t\t\t\t\t\t\t\t\t<img fetchpriority=\"high\" decoding=\"async\" width=\"1400\" height=\"1718\" src=\"https:\/\/www.visagesalon.hu\/wp-content\/uploads\/2025\/05\/lerch-szilvia-profil.webp\" class=\"attachment-2048x2048 size-2048x2048 wp-image-499\" alt=\"\" srcset=\"https:\/\/www.visagesalon.hu\/wp-content\/uploads\/2025\/05\/lerch-szilvia-profil.webp 1400w, https:\/\/www.visagesalon.hu\/wp-content\/uploads\/2025\/05\/lerch-szilvia-profil-244x300.webp 244w, https:\/\/www.visagesalon.hu\/wp-content\/uploads\/2025\/05\/lerch-szilvia-profil-834x1024.webp 834w, https:\/\/www.visagesalon.hu\/wp-content\/uploads\/2025\/05\/lerch-szilvia-profil-768x942.webp 768w, https:\/\/www.visagesalon.hu\/wp-content\/uploads\/2025\/05\/lerch-szilvia-profil-1252x1536.webp 1252w\" sizes=\"(max-width: 1400px) 100vw, 1400px\" \/>\t\t\t\t\t\t\t\t\t\t\t\t\t\t\t<\/div>\n\t\t\t\t<\/div>\n\t\t\t\t<\/div>\n\t\t<div class=\"elementor-element elementor-element-4786a29 e-con-full e-flex e-con e-child\" data-id=\"4786a29\" data-element_type=\"container\" data-e-type=\"container\" data-settings=\"{&quot;background_background&quot;:&quot;classic&quot;}\">\n\t\t\t\t<div class=\"elementor-element elementor-element-3d62597 elementor-widget__width-initial elementor-widget elementor-widget-text-editor\" data-id=\"3d62597\" data-element_type=\"widget\" data-e-type=\"widget\" data-widget_type=\"text-editor.default\">\n\t\t\t\t<div class=\"elementor-widget-container\">\n\t\t\t\t\t\t\t\t\t<p class=\"translation-block\"><strong>For over 16 years, I\u2019ve dedicated myself to the world of professional skincare. Over time, I\u2019ve explored many aspects of the beauty industry, eventually focusing on the areas that inspire me most.<\/strong> Because many of my clients struggle with challenging skin conditions, corrective treatments have become a key part of my work. At the same time, I believe in the importance of hydrating, anti-aging, and indulgent beauty rituals that nurture both skin and spirit. By specialising in these areas \u2013 and combining them with premium medical-grade products and advanced technology \u2013 I\u2019m able to offer treatments that are personalised, safe, and highly effective.<\/p><p class=\"translation-block\"><strong>My commitment to excellence doesn\u2019t stop there. I continually expand my services, staying ahead of the latest trends and innovations. Even after earning my Master\u2019s Diploma, I\u2019ve never stopped learning,<\/strong> because I believe that ongoing education is the key to delivering the very best for my clients.<\/p>\t\t\t\t\t\t\t\t<\/div>\n\t\t\t\t<\/div>\n\t\t\t\t<\/div>\n\t\t\t\t<\/div>\n\t\t<div class=\"elementor-element elementor-element-cf2178e e-con-full e-flex e-con e-child\" data-id=\"cf2178e\" data-element_type=\"container\" data-e-type=\"container\">\n\t\t<div class=\"elementor-element elementor-element-02a8e8b e-con-full e-flex e-con e-child\" data-id=\"02a8e8b\" data-element_type=\"container\" data-e-type=\"container\">\n\t\t\t\t<div class=\"elementor-element elementor-element-0ff723e elementor-widget elementor-widget-video\" data-id=\"0ff723e\" data-element_type=\"widget\" data-e-type=\"widget\" data-settings=\"{&quot;youtube_url&quot;:&quot;https:\\\/\\\/www.youtube.com\\\/watch?v=sQXbwxbPed4&amp;ab_channel=SzilviaLerch5T184430Z-1-001&quot;,&quot;show_image_overlay&quot;:&quot;yes&quot;,&quot;image_overlay&quot;:{&quot;url&quot;:&quot;https:\\\/\\\/www.visagesalon.hu\\\/wp-content\\\/uploads\\\/2025\\\/08\\\/youtube-thumb2.webp&quot;,&quot;id&quot;:2186,&quot;size&quot;:&quot;&quot;,&quot;alt&quot;:&quot;&quot;,&quot;source&quot;:&quot;library&quot;},&quot;lightbox&quot;:&quot;yes&quot;,&quot;lightbox_content_animation&quot;:&quot;fadeIn&quot;,&quot;video_type&quot;:&quot;youtube&quot;,&quot;controls&quot;:&quot;yes&quot;}\" data-widget_type=\"video.default\">\n\t\t\t\t<div class=\"elementor-widget-container\">\n\t\t\t\t\t\t\t<div class=\"elementor-wrapper elementor-open-lightbox\">\n\t\t\t\t\t\t\t<div class=\"elementor-custom-embed-image-overlay\" data-elementor-open-lightbox=\"yes\" data-elementor-lightbox=\"{&quot;type&quot;:&quot;video&quot;,&quot;videoType&quot;:&quot;youtube&quot;,&quot;url&quot;:&quot;https:\\\/\\\/www.youtube.com\\\/embed\\\/sQXbwxbPed4?feature=oembed&amp;start&amp;end&amp;wmode=opaque&amp;loop=0&amp;controls=1&amp;mute=0&amp;rel=0&amp;cc_load_policy=0&quot;,&quot;autoplay&quot;:&quot;&quot;,&quot;modalOptions&quot;:{&quot;id&quot;:&quot;elementor-lightbox-0ff723e&quot;,&quot;entranceAnimation&quot;:&quot;fadeIn&quot;,&quot;entranceAnimation_tablet&quot;:&quot;&quot;,&quot;entranceAnimation_mobile&quot;:&quot;&quot;,&quot;videoAspectRatio&quot;:&quot;169&quot;}}\" data-e-action-hash=\"#elementor-action%3Aaction%3Dlightbox%26settings%3DeyJ0eXBlIjoidmlkZW8iLCJ2aWRlb1R5cGUiOiJ5b3V0dWJlIiwidXJsIjoiaHR0cHM6XC9cL3d3dy55b3V0dWJlLmNvbVwvZW1iZWRcL3NRWGJ3eGJQZWQ0P2ZlYXR1cmU9b2VtYmVkJnN0YXJ0JmVuZCZ3bW9kZT1vcGFxdWUmbG9vcD0wJmNvbnRyb2xzPTEmbXV0ZT0wJnJlbD0wJmNjX2xvYWRfcG9saWN5PTAiLCJhdXRvcGxheSI6IiIsIm1vZGFsT3B0aW9ucyI6eyJpZCI6ImVsZW1lbnRvci1saWdodGJveC0wZmY3MjNlIiwiZW50cmFuY2VBbmltYXRpb24iOiJmYWRlSW4iLCJlbnRyYW5jZUFuaW1hdGlvbl90YWJsZXQiOiIiLCJlbnRyYW5jZUFuaW1hdGlvbl9tb2JpbGUiOiIiLCJ2aWRlb0FzcGVjdFJhdGlvIjoiMTY5In19\">\n\t\t\t\t\t\t\t\t\t\t\t<img decoding=\"async\" width=\"1280\" height=\"709\" src=\"https:\/\/www.visagesalon.hu\/wp-content\/uploads\/2025\/08\/youtube-thumb2.webp\" class=\"attachment-full size-full wp-image-2186\" alt=\"\" srcset=\"https:\/\/www.visagesalon.hu\/wp-content\/uploads\/2025\/08\/youtube-thumb2.webp 1280w, https:\/\/www.visagesalon.hu\/wp-content\/uploads\/2025\/08\/youtube-thumb2-300x166.webp 300w, https:\/\/www.visagesalon.hu\/wp-content\/uploads\/2025\/08\/youtube-thumb2-1024x567.webp 1024w, https:\/\/www.visagesalon.hu\/wp-content\/uploads\/2025\/08\/youtube-thumb2-768x425.webp 768w\" sizes=\"(max-width: 1280px) 100vw, 1280px\" \/>\t\t\t\t\t\t\t\t\t\t\t\t\t\t\t\t<div class=\"elementor-custom-embed-play\" role=\"button\" aria-label=\"Play Video\" tabindex=\"0\" data-no-translation-aria-label=\"\">\n\t\t\t\t\t\t\t<svg aria-hidden=\"true\" class=\"e-font-icon-svg e-eicon-play\" viewbox=\"0 0 1000 1000\" xmlns=\"http:\/\/www.w3.org\/2000\/svg\"><path d=\"M838 162C746 71 633 25 500 25 371 25 258 71 163 162 71 254 25 367 25 500 25 633 71 746 163 837 254 929 367 979 500 979 633 979 746 933 838 837 929 746 975 633 975 500 975 367 929 254 838 162M808 192C892 279 933 379 933 500 933 621 892 725 808 808 725 892 621 938 500 938 379 938 279 896 196 808 113 725 67 621 67 500 67 379 108 279 196 192 279 108 383 62 500 62 621 62 721 108 808 192M438 392V642L642 517 438 392Z\"><\/path><\/svg>\t\t\t\t\t\t<\/div>\n\t\t\t\t\t\t\t\t\t<\/div>\n\t\t\t\t\t<\/div>\n\t\t\t\t\t\t<\/div>\n\t\t\t\t<\/div>\n\t\t\t\t<\/div>\n\t\t\t\t<\/div>\n\t\t<div class=\"elementor-element elementor-element-28695df e-con-full e-flex e-con e-child\" data-id=\"28695df\" data-element_type=\"container\" data-e-type=\"container\">\n\t\t<div class=\"elementor-element elementor-element-69955c3 e-con-full e-flex e-con e-child\" data-id=\"69955c3\" data-element_type=\"container\" data-e-type=\"container\" data-settings=\"{&quot;background_background&quot;:&quot;classic&quot;}\">\n\t\t\t\t<div class=\"elementor-element elementor-element-1ac068b elementor-widget__width-initial elementor-widget elementor-widget-text-editor\" data-id=\"1ac068b\" data-element_type=\"widget\" data-e-type=\"widget\" data-widget_type=\"text-editor.default\">\n\t\t\t\t<div class=\"elementor-widget-container\">\n\t\t\t\t\t\t\t\t\t<p><strong>Recently, I\u2019ve complemented my work with professional colour consultation, allowing me to enhance my clients\u2019 natural beauty even further.<\/strong><\/p><p>As a holistic-minded therapist, I look beyond the skin to see the whole person. Skin health isn\u2019t just about creams and serums \u2013 it reflects nutrition, lifestyle, and emotional well-being. True beauty and lasting health are only achieved when body, mind, and soul are in harmony.<\/p><p>Every treatment I perform is carried out with heart and intention, in a calm, welcoming environment designed to help you recharge both inside and out.<\/p><p>My mission is simple: to create healthy, beautiful skin for every guest, while giving you a space to enjoy the highest quality of \u2018me-time.\u2019<br \/><br \/>Because I believe this with all my heart: when you shine within, you glow on the outside.<\/p>\t\t\t\t\t\t\t\t<\/div>\n\t\t\t\t<\/div>\n\t\t\t\t<\/div>\n\t\t<div class=\"elementor-element elementor-element-860663e e-con-full e-flex e-con e-child\" data-id=\"860663e\" data-element_type=\"container\" data-e-type=\"container\">\n\t\t\t\t<div class=\"elementor-element elementor-element-4b7229a elementor-widget elementor-widget-video\" data-id=\"4b7229a\" data-element_type=\"widget\" data-e-type=\"widget\" data-settings=\"{&quot;video_type&quot;:&quot;hosted&quot;,&quot;show_image_overlay&quot;:&quot;yes&quot;,&quot;image_overlay&quot;:{&quot;url&quot;:&quot;https:\\\/\\\/www.visagesalon.hu\\\/wp-content\\\/uploads\\\/2025\\\/05\\\/DSC08965-scaled.webp&quot;,&quot;id&quot;:567,&quot;size&quot;:&quot;&quot;,&quot;alt&quot;:&quot;&quot;,&quot;source&quot;:&quot;library&quot;},&quot;lightbox&quot;:&quot;yes&quot;,&quot;controls&quot;:&quot;yes&quot;}\" data-widget_type=\"video.default\">\n\t\t\t\t<div class=\"elementor-widget-container\">\n\t\t\t\t\t\t\t<div class=\"e-hosted-video elementor-wrapper elementor-open-lightbox\">\n\t\t\t\t\t\t\t<div class=\"elementor-custom-embed-image-overlay\" data-elementor-open-lightbox=\"yes\" data-elementor-lightbox=\"{&quot;type&quot;:&quot;video&quot;,&quot;videoType&quot;:&quot;hosted&quot;,&quot;url&quot;:&quot;https:\\\/\\\/www.visagesalon.hu\\\/wp-content\\\/uploads\\\/2025\\\/06\\\/Visage-4k-compressed.mp4&quot;,&quot;autoplay&quot;:&quot;&quot;,&quot;modalOptions&quot;:{&quot;id&quot;:&quot;elementor-lightbox-4b7229a&quot;,&quot;entranceAnimation&quot;:&quot;&quot;,&quot;entranceAnimation_tablet&quot;:&quot;&quot;,&quot;entranceAnimation_mobile&quot;:&quot;&quot;,&quot;videoAspectRatio&quot;:&quot;916&quot;},&quot;videoParams&quot;:{&quot;controls&quot;:&quot;&quot;,&quot;preload&quot;:&quot;metadata&quot;,&quot;controlsList&quot;:&quot;nodownload&quot;,&quot;poster&quot;:&quot;https:\\\/\\\/www.visagesalon.hu\\\/wp-content\\\/uploads\\\/2025\\\/05\\\/DSC08965-scaled.webp&quot;}}\" data-e-action-hash=\"#elementor-action%3Aaction%3Dlightbox%26settings%3DeyJ0eXBlIjoidmlkZW8iLCJ2aWRlb1R5cGUiOiJob3N0ZWQiLCJ1cmwiOiJodHRwczpcL1wvd3d3LnZpc2FnZXNhbG9uLmh1XC93cC1jb250ZW50XC91cGxvYWRzXC8yMDI1XC8wNlwvVmlzYWdlLTRrLWNvbXByZXNzZWQubXA0IiwiYXV0b3BsYXkiOiIiLCJtb2RhbE9wdGlvbnMiOnsiaWQiOiJlbGVtZW50b3ItbGlnaHRib3gtNGI3MjI5YSIsImVudHJhbmNlQW5pbWF0aW9uIjoiIiwiZW50cmFuY2VBbmltYXRpb25fdGFibGV0IjoiIiwiZW50cmFuY2VBbmltYXRpb25fbW9iaWxlIjoiIiwidmlkZW9Bc3BlY3RSYXRpbyI6IjkxNiJ9LCJ2aWRlb1BhcmFtcyI6eyJjb250cm9scyI6IiIsInByZWxvYWQiOiJtZXRhZGF0YSIsImNvbnRyb2xzTGlzdCI6Im5vZG93bmxvYWQiLCJwb3N0ZXIiOiJodHRwczpcL1wvd3d3LnZpc2FnZXNhbG9uLmh1XC93cC1jb250ZW50XC91cGxvYWRzXC8yMDI1XC8wNVwvRFNDMDg5NjUtc2NhbGVkLndlYnAifX0%3D\">\n\t\t\t\t\t\t\t\t\t\t\t<img decoding=\"async\" width=\"1365\" height=\"2048\" src=\"https:\/\/www.visagesalon.hu\/wp-content\/uploads\/2025\/05\/DSC08965-1365x2048.webp\" class=\"attachment-2048x2048 size-2048x2048 wp-image-567\" alt=\"\" srcset=\"https:\/\/www.visagesalon.hu\/wp-content\/uploads\/2025\/05\/DSC08965-1365x2048.webp 1365w, https:\/\/www.visagesalon.hu\/wp-content\/uploads\/2025\/05\/DSC08965-200x300.webp 200w, https:\/\/www.visagesalon.hu\/wp-content\/uploads\/2025\/05\/DSC08965-683x1024.webp 683w, https:\/\/www.visagesalon.hu\/wp-content\/uploads\/2025\/05\/DSC08965-768x1152.webp 768w, https:\/\/www.visagesalon.hu\/wp-content\/uploads\/2025\/05\/DSC08965-1024x1536.webp 1024w, https:\/\/www.visagesalon.hu\/wp-content\/uploads\/2025\/05\/DSC08965-scaled.webp 1707w\" sizes=\"(max-width: 1365px) 100vw, 1365px\" \/>\t\t\t\t\t\t\t\t\t\t\t\t\t\t\t\t<div class=\"elementor-custom-embed-play\" role=\"button\" aria-label=\"Play Video\" tabindex=\"0\" data-no-translation-aria-label=\"\">\n\t\t\t\t\t\t\t<svg aria-hidden=\"true\" class=\"e-font-icon-svg e-eicon-play\" viewbox=\"0 0 1000 1000\" xmlns=\"http:\/\/www.w3.org\/2000\/svg\"><path d=\"M838 162C746 71 633 25 500 25 371 25 258 71 163 162 71 254 25 367 25 500 25 633 71 746 163 837 254 929 367 979 500 979 633 979 746 933 838 837 929 746 975 633 975 500 975 367 929 254 838 162M808 192C892 279 933 379 933 500 933 621 892 725 808 808 725 892 621 938 500 938 379 938 279 896 196 808 113 725 67 621 67 500 67 379 108 279 196 192 279 108 383 62 500 62 621 62 721 108 808 192M438 392V642L642 517 438 392Z\"><\/path><\/svg>\t\t\t\t\t\t<\/div>\n\t\t\t\t\t\t\t\t\t<\/div>\n\t\t\t\t\t<\/div>\n\t\t\t\t\t\t<\/div>\n\t\t\t\t<\/div>\n\t\t\t\t<\/div>\n\t\t\t\t<\/div>\n\t\t<div class=\"elementor-element elementor-element-450dcec e-con-full e-flex e-con e-child\" data-id=\"450dcec\" data-element_type=\"container\" data-e-type=\"container\">\n\t\t<div class=\"elementor-element elementor-element-86b0c85 e-con-full e-flex e-con e-child\" data-id=\"86b0c85\" data-element_type=\"container\" data-e-type=\"container\" data-settings=\"{&quot;background_background&quot;:&quot;classic&quot;}\">\n\t\t\t\t<div class=\"elementor-element elementor-element-ec4a205 elementor-widget__width-initial elementor-widget elementor-widget-text-editor\" data-id=\"ec4a205\" data-element_type=\"widget\" data-e-type=\"widget\" data-widget_type=\"text-editor.default\">\n\t\t\t\t<div class=\"elementor-widget-container\">\n\t\t\t\t\t\t\t\t\t<p class=\"translation-block\">If my approach speaks to you, I\u2019d be delighted to<br> welcome you to Visage Salon in Moh\u00e1cs.<\/p>\t\t\t\t\t\t\t\t<\/div>\n\t\t\t\t<\/div>\n\t\t\t\t<div class=\"elementor-element elementor-element-959067f elementor-align-center elementor-widget elementor-widget-button\" data-id=\"959067f\" data-element_type=\"widget\" data-e-type=\"widget\" data-widget_type=\"button.default\">\n\t\t\t\t<div class=\"elementor-widget-container\">\n\t\t\t\t\t\t\t\t\t<div class=\"elementor-button-wrapper\">\n\t\t\t\t\t<a class=\"elementor-button elementor-button-link elementor-size-sm\" href=\"\/en\/kapcsolat\/\">\n\t\t\t\t\t\t<span class=\"elementor-button-content-wrapper\">\n\t\t\t\t\t\t\t\t\t<span class=\"elementor-button-text\">Contact<\/span>\n\t\t\t\t\t<\/span>\n\t\t\t\t\t<\/a>\n\t\t\t\t<\/div>\n\t\t\t\t\t\t\t\t<\/div>\n\t\t\t\t<\/div>\n\t\t\t\t<\/div>\n\t\t\t\t<\/div>\n\t\t\t\t\t<\/div>\n\t\t\t\t<\/div>\n\t\t\t\t<\/div>","protected":false},"excerpt":{"rendered":"<p>R\u00f3lam Szeretettel k\u00f6sz\u00f6ntelek oldalamon!Lerch Szilvia vagyok, kozmetikus mester, a Visage Szalon tulajdonosa. T\u00f6bb, mint 16 \u00e9ve dolgozom a szakm\u00e1mban. Ez id\u0151 alatt sz\u00e1mos \u00e1gazat\u00e1val megismerkedtem, mire meg\u00e9rett bennem, mely ter\u00fcletek \u00e1llnak hozz\u00e1m a legk\u00f6zelebb. Mivel sok a probl\u00e9m\u00e1s b\u0151r\u0171 Vend\u00e9g, jelenleg kiemelt szerepet j\u00e1tszanak a probl\u00e9mamegold\u00f3 kezel\u00e9sek, de term\u00e9szetesen a hidrat\u00e1l\u00f3, anti-ageing, valamint \u00e9lm\u00e9nykezel\u00e9sek, sz\u00e9ps\u00e9gritu\u00e1l\u00e9k [&hellip;]<\/p>","protected":false},"author":1,"featured_media":0,"parent":0,"menu_order":0,"comment_status":"closed","ping_status":"closed","template":"elementor_header_footer","meta":{"inline_featured_image":false,"footnotes":""},"class_list":["post-268","page","type-page","status-publish","hentry"],"_links":{"self":[{"href":"https:\/\/www.visagesalon.hu\/en\/wp-json\/wp\/v2\/pages\/268","targetHints":{"allow":["GET"]}}],"collection":[{"href":"https:\/\/www.visagesalon.hu\/en\/wp-json\/wp\/v2\/pages"}],"about":[{"href":"https:\/\/www.visagesalon.hu\/en\/wp-json\/wp\/v2\/types\/page"}],"author":[{"embeddable":true,"href":"https:\/\/www.visagesalon.hu\/en\/wp-json\/wp\/v2\/users\/1"}],"replies":[{"embeddable":true,"href":"https:\/\/www.visagesalon.hu\/en\/wp-json\/wp\/v2\/comments?post=268"}],"version-history":[{"count":105,"href":"https:\/\/www.visagesalon.hu\/en\/wp-json\/wp\/v2\/pages\/268\/revisions"}],"predecessor-version":[{"id":2189,"href":"https:\/\/www.visagesalon.hu\/en\/wp-json\/wp\/v2\/pages\/268\/revisions\/2189"}],"wp:attachment":[{"href":"https:\/\/www.visagesalon.hu\/en\/wp-json\/wp\/v2\/media?parent=268"}],"curies":[{"name":"wp","href":"https:\/\/api.w.org\/{rel}","templated":true}]}}