{"id":916,"date":"2025-05-26T14:53:08","date_gmt":"2025-05-26T13:53:08","guid":{"rendered":"https:\/\/www.visagesalon.hu\/?page_id=916"},"modified":"2025-06-13T09:50:30","modified_gmt":"2025-06-13T08:50:30","slug":"arlista","status":"publish","type":"page","link":"https:\/\/www.visagesalon.hu\/en\/arlista\/","title":{"rendered":"Price List"},"content":{"rendered":"<div data-elementor-type=\"wp-page\" data-elementor-id=\"916\" class=\"elementor elementor-916\" data-elementor-post-type=\"page\">\n\t\t\t\t<div class=\"elementor-element elementor-element-138aaaa e-flex e-con-boxed e-con e-parent\" data-id=\"138aaaa\" data-element_type=\"container\" data-e-type=\"container\">\n\t\t\t\t\t<div class=\"e-con-inner\">\n\t\t<div class=\"elementor-element elementor-element-a95a88a e-con-full e-flex e-con e-child\" data-id=\"a95a88a\" data-element_type=\"container\" data-e-type=\"container\">\n\t\t\t\t<div class=\"elementor-element elementor-element-ff3849d elementor-widget elementor-widget-heading\" data-id=\"ff3849d\" data-element_type=\"widget\" data-e-type=\"widget\" data-widget_type=\"heading.default\">\n\t\t\t\t<div class=\"elementor-widget-container\">\n\t\t\t\t\t<h2 class=\"elementor-heading-title elementor-size-default\">Price List<\/h2>\t\t\t\t<\/div>\n\t\t\t\t<\/div>\n\t\t\t\t<div class=\"elementor-element elementor-element-7261265 elementor-widget-divider--view-line elementor-widget elementor-widget-divider\" data-id=\"7261265\" data-element_type=\"widget\" data-e-type=\"widget\" data-widget_type=\"divider.default\">\n\t\t\t\t<div class=\"elementor-widget-container\">\n\t\t\t\t\t\t\t<div class=\"elementor-divider\">\n\t\t\t<span class=\"elementor-divider-separator\">\n\t\t\t\t\t\t<\/span>\n\t\t<\/div>\n\t\t\t\t\t\t<\/div>\n\t\t\t\t<\/div>\n\t\t\t\t<div class=\"elementor-element elementor-element-69364cf elementor-widget__width-initial elementor-widget elementor-widget-text-editor\" data-id=\"69364cf\" data-element_type=\"widget\" data-e-type=\"widget\" data-widget_type=\"text-editor.default\">\n\t\t\t\t<div class=\"elementor-widget-container\">\n\t\t\t\t\t\t\t\t\t<p>Explore my current service prices and find the perfect treatment for you!<\/p>\t\t\t\t\t\t\t\t<\/div>\n\t\t\t\t<\/div>\n\t\t\t\t<\/div>\n\t\t\t\t<div class=\"elementor-element elementor-element-115de4b elementor-widget elementor-widget-shortcode\" data-id=\"115de4b\" data-element_type=\"widget\" data-e-type=\"widget\" data-widget_type=\"shortcode.default\">\n\t\t\t\t<div class=\"elementor-widget-container\">\n\t\t\t\t\t\t\t<div class=\"elementor-shortcode\">\n<table id=\"tablepress-1\" class=\"tablepress tablepress-id-1\">\n<thead>\n<tr class=\"row-1\">\n\t<th class=\"column-1\"><strong>Kateg\u00f3ria<\/strong><\/th><th class=\"column-2\"><strong>Szolg\u00e1ltat\u00e1s<\/strong><\/th><th class=\"column-3\"><strong>Id\u0151tartam<\/strong><\/th><th class=\"column-4\"><strong>\u00c1r<\/strong><\/th>\n<\/tr>\n<\/thead>\n<tbody class=\"row-hover\">\n<tr class=\"row-2\">\n\t<td class=\"column-1\"><strong>Consultation &amp; Advice<\/strong><\/td><td class=\"column-2\">Skin Diagnostic Consultation &amp; Advice<\/td><td class=\"column-3\">30 min<\/td><td class=\"column-4\">8.000 HUF<\/td>\n<\/tr>\n<tr class=\"row-3\">\n\t<td class=\"column-1\"><strong>IMAGE Skincare Personalized Peeling Treatments<\/strong><\/td><td class=\"column-2\">IMAGE O2 LIFT<\/td><td class=\"column-3\"><\/td><td class=\"column-4\">19.000 HUF<\/td>\n<\/tr>\n<tr class=\"row-4\">\n\t<td class=\"column-1\"><strong><\/strong><\/td><td class=\"column-2\">I PEEL ORMEDIC LIFT\u2122<\/td><td class=\"column-3\"><\/td><td class=\"column-4\">20.000 HUF<\/td>\n<\/tr>\n<tr class=\"row-5\">\n\t<td class=\"column-1\"><strong><\/strong><\/td><td class=\"column-2\">I PEEL SIGNATURE FACELIFT\u00ae<\/td><td class=\"column-3\"><\/td><td class=\"column-4\">23.000 HUF<\/td>\n<\/tr>\n<tr class=\"row-6\">\n\t<td class=\"column-1\"><strong><\/strong><\/td><td class=\"column-2\">I PEEL LIGHTENING LIFT\u00ae<\/td><td class=\"column-3\"><\/td><td class=\"column-4\">23.000 HUF<\/td>\n<\/tr>\n<tr class=\"row-7\">\n\t<td class=\"column-1\"><strong><\/strong><\/td><td class=\"column-2\">I PEEL WRINKLE LIFT\u00ae<\/td><td class=\"column-3\"><\/td><td class=\"column-4\">23.000 HUF<\/td>\n<\/tr>\n<tr class=\"row-8\">\n\t<td class=\"column-1\"><strong><\/strong><\/td><td class=\"column-2\">I PEEL PERFECTION LIFT\u2122<\/td><td class=\"column-3\"><\/td><td class=\"column-4\">25.000 HUF<\/td>\n<\/tr>\n<tr class=\"row-9\">\n\t<td class=\"column-1\"><strong>IMAGE Skincare Skin Quality Improvement<\/strong><\/td><td class=\"column-2\">I MASK Biomolecular Sheet Mask + Facial Massage<\/td><td class=\"column-3\"><\/td><td class=\"column-4\">19.900 HUF<\/td>\n<\/tr>\n<tr class=\"row-10\">\n\t<td class=\"column-1\"><strong>Machine-Assisted Facial Treatments<\/strong><\/td><td class=\"column-2\">Carbon Peeling with Sheet Mask<\/td><td class=\"column-3\">60 min<\/td><td class=\"column-4\">21.000 HUF<\/td>\n<\/tr>\n<tr class=\"row-11\">\n\t<td class=\"column-1\"><strong><\/strong><\/td><td class=\"column-2\">Carbon Peeling + Electroporation<\/td><td class=\"column-3\"><\/td><td class=\"column-4\">35.000 HUF<\/td>\n<\/tr>\n<tr class=\"row-12\">\n\t<td class=\"column-1\"><\/td><td class=\"column-2\">Dr Derm Mezoforte\u00ae Needle-Free Mesotherapy<\/td><td class=\"column-3\"><\/td><td class=\"column-4\">from 20.000 HUF<\/td>\n<\/tr>\n<tr class=\"row-13\">\n\t<td class=\"column-1\"><\/td><td class=\"column-2\">Dr Derm Equipment Mezoforte\u00ae Skin Tightening Radiofrequency Treatment <\/td><td class=\"column-3\"><\/td><td class=\"column-4\">9.900 HUF<\/td>\n<\/tr>\n<tr class=\"row-14\">\n\t<td class=\"column-1\"><strong><\/strong><\/td><td class=\"column-2\">Dr Derm Equipment Mezoforte\u00ae Skin Tightening RF + Face &amp; D\u00e9collet\u00e9 Massage <\/td><td class=\"column-3\"><\/td><td class=\"column-4\">18.900 HUF<\/td>\n<\/tr>\n<tr class=\"row-15\">\n\t<td class=\"column-1\"><\/td><td class=\"column-2\">Dr Derm Equipment Mezoforte\u00ae Skin Tightening RF + Electroporation <\/td><td class=\"column-3\"><\/td><td class=\"column-4\">27.000 Ft<\/td>\n<\/tr>\n<tr class=\"row-16\">\n\t<td class=\"column-1\"><strong>Microneedling Treatments<\/strong><\/td><td class=\"column-2\">Aquapen Filler Treatment<\/td><td class=\"column-3\">2 hours<\/td><td class=\"column-4\">50.000 HUF<\/td>\n<\/tr>\n<tr class=\"row-17\">\n\t<td class=\"column-1\"><\/td><td class=\"column-2\">Dermapen Microneedling Treatment<\/td><td class=\"column-3\">60 min<\/td><td class=\"column-4\">25.000 HUF<\/td>\n<\/tr>\n<tr class=\"row-18\">\n\t<td class=\"column-1\"><\/td><td class=\"column-2\">Dermafix GENOSYS Needle Pen-K<br \/>\n<\/td><td class=\"column-3\"><\/td><td class=\"column-4\">30.000 HUF<\/td>\n<\/tr>\n<tr class=\"row-19\">\n\t<td class=\"column-1\"><strong>Christina Silk Treatment<\/strong><\/td><td class=\"column-2\">Silk Treatment<\/td><td class=\"column-3\">90 min<\/td><td class=\"column-4\">30.000 HUF<\/td>\n<\/tr>\n<tr class=\"row-20\">\n\t<td class=\"column-1\"><strong>Traditional Facials<\/strong><\/td><td class=\"column-2\">Exclusive Face &amp; D\u00e9collet\u00e9 Massage<\/td><td class=\"column-3\">50 min<\/td><td class=\"column-4\">10.000 HUF<\/td>\n<\/tr>\n<tr class=\"row-21\">\n\t<td class=\"column-1\"><\/td><td class=\"column-2\">Vitamin C Oil Massage with Gua Sha &amp; Chakra Stones<\/td><td class=\"column-3\">\u2013<\/td><td class=\"column-4\">15.000 HUF<\/td>\n<\/tr>\n<tr class=\"row-22\">\n\t<td class=\"column-1\"><\/td><td class=\"column-2\">Deep Cleansing Facial (up to puberty age)<\/td><td class=\"column-3\">\u2013<\/td><td class=\"column-4\">16.000 HUF<\/td>\n<\/tr>\n<tr class=\"row-23\">\n\t<td class=\"column-1\"><strong>Makeup Lessons<\/strong><\/td><td class=\"column-2\">Private Makeup Lesson<\/td><td class=\"column-3\">3 hours<\/td><td class=\"column-4\">30.000 HUF<\/td>\n<\/tr>\n<tr class=\"row-24\">\n\t<td class=\"column-1\"><\/td><td class=\"column-2\">Group Makeup Lesson<\/td><td class=\"column-3\">4 hours<\/td><td class=\"column-4\">40.000 HUF<\/td>\n<\/tr>\n<tr class=\"row-25\">\n\t<td class=\"column-1\"><strong>Colour Consultation<\/strong><\/td><td class=\"column-2\">Personalized Color Consultation<\/td><td class=\"column-3\">\u2013<\/td><td class=\"column-4\">20.000 HUF<\/td>\n<\/tr>\n<tr class=\"row-26\">\n\t<td class=\"column-1\"><\/td><td class=\"column-2\">Color Consultation for Two<\/td><td class=\"column-3\">\u2013<\/td><td class=\"column-4\">30.000 HUF<\/td>\n<\/tr>\n<tr class=\"row-27\">\n\t<td class=\"column-1\"><strong>Tinting<\/strong><\/td><td class=\"column-2\">Eyelash Tinting<\/td><td class=\"column-3\">\u2013<\/td><td class=\"column-4\">3.000 HUF<\/td>\n<\/tr>\n<tr class=\"row-28\">\n\t<td class=\"column-1\"><\/td><td class=\"column-2\">Eyebrow Tinting<\/td><td class=\"column-3\">\u2013<\/td><td class=\"column-4\">2.000 HUF<\/td>\n<\/tr>\n<tr class=\"row-29\">\n\t<td class=\"column-1\"><\/td><td class=\"column-2\">Eyebrow Shaping<\/td><td class=\"column-3\">\u2013<\/td><td class=\"column-4\">2.000 HUF<\/td>\n<\/tr>\n<tr class=\"row-30\">\n\t<td class=\"column-1\"><\/td><td class=\"column-2\">Eyebrow Touch-Up<\/td><td class=\"column-3\">\u2013<\/td><td class=\"column-4\">1.000 HUF<\/td>\n<\/tr>\n<tr class=\"row-31\">\n\t<td class=\"column-1\"><strong>Waxing<\/strong><\/td><td class=\"column-2\">Upper Lip<\/td><td class=\"column-3\">\u2013<\/td><td class=\"column-4\">1.000 HUF<\/td>\n<\/tr>\n<tr class=\"row-32\">\n\t<td class=\"column-1\"><\/td><td class=\"column-2\">Chin<\/td><td class=\"column-3\">\u2013<\/td><td class=\"column-4\">2.000 HUF<\/td>\n<\/tr>\n<tr class=\"row-33\">\n\t<td class=\"column-1\"><\/td><td class=\"column-2\">Legs (to knee)<\/td><td class=\"column-3\">\u2013<\/td><td class=\"column-4\">3.000 HUF<\/td>\n<\/tr>\n<tr class=\"row-34\">\n\t<td class=\"column-1\"><\/td><td class=\"column-2\">Thighs<\/td><td class=\"column-3\">\u2013<\/td><td class=\"column-4\">4.000 HUF<\/td>\n<\/tr>\n<tr class=\"row-35\">\n\t<td class=\"column-1\"><\/td><td class=\"column-2\">Arms (to elbow)<\/td><td class=\"column-3\">\u2013<\/td><td class=\"column-4\">2.000 HUF<\/td>\n<\/tr>\n<tr class=\"row-36\">\n\t<td class=\"column-1\"><\/td><td class=\"column-2\">Full Arms<\/td><td class=\"column-3\">\u2013<\/td><td class=\"column-4\">3.000 HUF<\/td>\n<\/tr>\n<tr class=\"row-37\">\n\t<td class=\"column-1\"><\/td><td class=\"column-2\">Bikini Line<\/td><td class=\"column-3\">\u2013<\/td><td class=\"column-4\">4.000 HUF<\/td>\n<\/tr>\n<tr class=\"row-38\">\n\t<td class=\"column-1\"><\/td><td class=\"column-2\">Brazilian<\/td><td class=\"column-3\">\u2013<\/td><td class=\"column-4\">7.000 HUF<\/td>\n<\/tr>\n<tr class=\"row-39\">\n\t<td class=\"column-1\"><\/td><td class=\"column-2\">Underarms<\/td><td class=\"column-3\">\u2013<\/td><td class=\"column-4\">2.000 HUF<\/td>\n<\/tr>\n<\/tbody>\n<\/table>\n<!-- #tablepress-1 from cache --><\/div>\n\t\t\t\t\t\t<\/div>\n\t\t\t\t<\/div>\n\t\t\t\t\t<\/div>\n\t\t\t\t<\/div>\n\t\t<div class=\"elementor-element elementor-element-2ae0b8c e-con-full e-flex e-con e-child\" data-id=\"2ae0b8c\" data-element_type=\"container\" data-e-type=\"container\">\n\t\t\t\t<div class=\"elementor-element elementor-element-1ef0167 elementor-widget__width-initial elementor-widget elementor-widget-text-editor\" data-id=\"1ef0167\" data-element_type=\"widget\" data-e-type=\"widget\" data-widget_type=\"text-editor.default\">\n\t\t\t\t<div class=\"elementor-widget-container\">\n\t\t\t\t\t\t\t\t\t<p class=\"translation-block\">If my approach speaks to you, I\u2019d be delighted to<br> welcome you to Visage Salon in Moh\u00e1cs.<\/p>\t\t\t\t\t\t\t\t<\/div>\n\t\t\t\t<\/div>\n\t\t\t\t<div class=\"elementor-element elementor-element-7b933e9 elementor-align-center elementor-widget elementor-widget-button\" data-id=\"7b933e9\" data-element_type=\"widget\" data-e-type=\"widget\" data-widget_type=\"button.default\">\n\t\t\t\t<div class=\"elementor-widget-container\">\n\t\t\t\t\t\t\t\t\t<div class=\"elementor-button-wrapper\">\n\t\t\t\t\t<a class=\"elementor-button elementor-button-link elementor-size-sm\" href=\"\/en\/kapcsolat\/\">\n\t\t\t\t\t\t<span class=\"elementor-button-content-wrapper\">\n\t\t\t\t\t\t\t\t\t<span class=\"elementor-button-text\">Contact<\/span>\n\t\t\t\t\t<\/span>\n\t\t\t\t\t<\/a>\n\t\t\t\t<\/div>\n\t\t\t\t\t\t\t\t<\/div>\n\t\t\t\t<\/div>\n\t\t\t\t<\/div>\n\t\t\t\t<\/div>","protected":false},"excerpt":{"rendered":"<p>\u00c1rlista Tekintsd meg szolg\u00e1ltat\u00e1saim aktu\u00e1lis \u00e1rait, \u00e9s tal\u00e1ld meg a sz\u00e1modra legmegfelel\u0151bb kezel\u00e9st! Ha felkeltettem \u00e9rdekl\u0151d\u00e9sed v\u00e1rlak szeretettel kozmetik\u00e1mban Moh\u00e1cson, a Visage Szalonban! Kapcsolat<\/p>","protected":false},"author":1,"featured_media":0,"parent":0,"menu_order":0,"comment_status":"closed","ping_status":"closed","template":"elementor_header_footer","meta":{"inline_featured_image":false,"footnotes":""},"class_list":["post-916","page","type-page","status-publish","hentry"],"_links":{"self":[{"href":"https:\/\/www.visagesalon.hu\/en\/wp-json\/wp\/v2\/pages\/916","targetHints":{"allow":["GET"]}}],"collection":[{"href":"https:\/\/www.visagesalon.hu\/en\/wp-json\/wp\/v2\/pages"}],"about":[{"href":"https:\/\/www.visagesalon.hu\/en\/wp-json\/wp\/v2\/types\/page"}],"author":[{"embeddable":true,"href":"https:\/\/www.visagesalon.hu\/en\/wp-json\/wp\/v2\/users\/1"}],"replies":[{"embeddable":true,"href":"https:\/\/www.visagesalon.hu\/en\/wp-json\/wp\/v2\/comments?post=916"}],"version-history":[{"count":28,"href":"https:\/\/www.visagesalon.hu\/en\/wp-json\/wp\/v2\/pages\/916\/revisions"}],"predecessor-version":[{"id":1853,"href":"https:\/\/www.visagesalon.hu\/en\/wp-json\/wp\/v2\/pages\/916\/revisions\/1853"}],"wp:attachment":[{"href":"https:\/\/www.visagesalon.hu\/en\/wp-json\/wp\/v2\/media?parent=916"}],"curies":[{"name":"wp","href":"https:\/\/api.w.org\/{rel}","templated":true}]}}